{"id":1094,"date":"2021-02-16T13:15:21","date_gmt":"2021-02-16T12:15:21","guid":{"rendered":"https:\/\/colleen-besch.lu\/unternehmensnachfolge\/"},"modified":"2021-07-09T14:30:08","modified_gmt":"2021-07-09T12:30:08","slug":"unternehmensnachfolge","status":"publish","type":"page","link":"https:\/\/colleen-besch.lu\/fr\/unternehmensnachfolge\/","title":{"rendered":"business succession"},"content":{"rendered":"<p><div class=\"fusion-fullwidth fullwidth-box fusion-builder-row-1 fusion-flex-container fusion-parallax-none nonhundred-percent-fullwidth non-hundred-percent-height-scrolling lazyload fusion-custom-z-index\" style=\"--awb-background-blend-mode:screen;--awb-border-radius-top-left:0px;--awb-border-radius-top-right:0px;--awb-border-radius-bottom-right:0px;--awb-border-radius-bottom-left:0px;--awb-z-index:0;--awb-padding-top:-50px;--awb-padding-right:0px;--awb-padding-bottom:0px;--awb-padding-left:0px;--awb-padding-top-small:80px;--awb-padding-bottom-small:80px;--awb-margin-top:0px;--awb-min-height:500px;--awb-background-size:cover;--awb-flex-wrap:wrap;--awb-filter:saturate(0%);--awb-filter-transition:filter 0.3s ease;--awb-filter-hover:saturate(100%);\" data-bg=\"https:\/\/colleen-besch.lu\/wp-content\/uploads\/2021\/02\/Unternehmensnachfolge_Header_pixabay_jmexclusives.jpg\" ><div class=\"fusion-builder-row fusion-row fusion-flex-align-items-center fusion-flex-justify-content-center fusion-flex-content-wrap\" style=\"max-width:1456px;margin-left: calc(-4% \/ 2 );margin-right: calc(-4% \/ 2 );\"><div class=\"fusion-layout-column fusion_builder_column fusion-builder-column-0 fusion_builder_column_1_1 1_1 fusion-flex-column fusion-flex-align-self-center\" style=\"--awb-bg-size:cover;--awb-width-large:100%;--awb-margin-top-large:0px;--awb-spacing-right-large:0%;--awb-margin-bottom-large:20px;--awb-spacing-left-large:0%;--awb-width-medium:100%;--awb-order-medium:0;--awb-spacing-right-medium:0%;--awb-spacing-left-medium:0%;--awb-width-small:100%;--awb-order-small:0;--awb-spacing-right-small:1.92%;--awb-spacing-left-small:1.92%;\"><div class=\"fusion-column-wrapper fusion-column-has-shadow fusion-flex-justify-content-center fusion-content-layout-column\"><div class=\"fusion-title title fusion-title-1 fusion-sep-none fusion-title-center fusion-title-text fusion-title-size-one\" style=\"--awb-text-color:#ffffff;--awb-margin-top:-20px;--awb-margin-bottom:20px;--awb-margin-top-small:10px;--awb-margin-right-small:0px;--awb-margin-bottom-small:10px;--awb-margin-left-small:0px;--awb-font-size:100px;\"><h1 class=\"fusion-title-heading title-heading-center\" style=\"margin:0;font-size:1em;line-height:1em;\">plan de succession<\/h1><\/div><\/div><\/div><\/div><\/div><div class=\"fusion-fullwidth fullwidth-box fusion-builder-row-2 fusion-flex-container nonhundred-percent-fullwidth non-hundred-percent-height-scrolling\" style=\"--link_hover_color: #ffc107;--awb-border-radius-top-left:0px;--awb-border-radius-top-right:0px;--awb-border-radius-bottom-right:0px;--awb-border-radius-bottom-left:0px;--awb-background-color:#a9d648;--awb-flex-wrap:wrap;\" ><div class=\"fusion-builder-row fusion-row fusion-flex-align-items-flex-start fusion-flex-justify-content-center fusion-flex-content-wrap\" style=\"max-width:1456px;margin-left: calc(-4% \/ 2 );margin-right: calc(-4% \/ 2 );\"><div class=\"fusion-layout-column fusion_builder_column fusion-builder-column-1 fusion_builder_column_1_1 1_1 fusion-flex-column\" style=\"--awb-bg-size:cover;--awb-width-large:100%;--awb-margin-top-large:0px;--awb-spacing-right-large:1.92%;--awb-margin-bottom-large:20px;--awb-spacing-left-large:1.92%;--awb-width-medium:100%;--awb-order-medium:0;--awb-spacing-right-medium:1.92%;--awb-spacing-left-medium:1.92%;--awb-width-small:100%;--awb-order-small:0;--awb-spacing-right-small:1.92%;--awb-spacing-left-small:1.92%;\"><div class=\"fusion-column-wrapper fusion-column-has-shadow fusion-flex-justify-content-flex-start fusion-content-layout-column\"><nav class=\"awb-menu awb-menu_row awb-menu_em-hover mobile-mode-always-expanded awb-menu_icons-left awb-menu_dc-yes mobile-trigger-fullwidth-off awb-menu_mobile-toggle awb-menu_indent-center loading mega-menu-loading awb-menu_desktop awb-menu_dropdown awb-menu_expand-right awb-menu_transition-fade\" style=\"--awb-font-size:40px;--awb-margin-top:30px;--awb-margin-bottom:0px;--awb-text-transform:none;--awb-min-height:30px;--awb-gap:50px;--awb-align-items:center;--awb-justify-content:center;--awb-items-padding-bottom:5px;--awb-active-color:#ffeb3b;--awb-submenu-text-transform:none;--awb-icons-size:17;--awb-icons-hover-color:#ffeb3b;--awb-main-justify-content:flex-start;--awb-mobile-justify:center;--awb-mobile-caret-left:auto;--awb-mobile-caret-right:0;--awb-fusion-font-family-typography:&quot;Cookie&quot;;--awb-fusion-font-style-typography:normal;--awb-fusion-font-weight-typography:400;--awb-fusion-font-family-submenu-typography:inherit;--awb-fusion-font-style-submenu-typography:normal;--awb-fusion-font-weight-submenu-typography:400;--awb-fusion-font-family-mobile-typography:inherit;--awb-fusion-font-style-mobile-typography:normal;--awb-fusion-font-weight-mobile-typography:400;\" aria-label=\"Colleen second menu FR\" data-breakpoint=\"1024\" data-count=\"0\" data-transition-type=\"fade\" data-transition-time=\"300\" data-expand=\"right\"><button type=\"button\" class=\"awb-menu__m-toggle awb-menu__m-toggle_no-text\" aria-expanded=\"false\" aria-controls=\"menu-colleen-second-menu-fr\"><span class=\"awb-menu__m-toggle-inner\"><span class=\"collapsed-nav-text\"><span class=\"screen-reader-text\">Toggle Navigation<\/span><\/span><span class=\"awb-menu__m-collapse-icon awb-menu__m-collapse-icon_no-text\"><span class=\"awb-menu__m-collapse-icon-open awb-menu__m-collapse-icon-open_no-text fa-bars fas\"><\/span><span class=\"awb-menu__m-collapse-icon-close awb-menu__m-collapse-icon-close_no-text fa-times fas\"><\/span><\/span><\/span><\/button><ul id=\"menu-colleen-second-menu-fr\" class=\"fusion-menu awb-menu__main-ul awb-menu__main-ul_row\"><li  id=\"menu-item-1208\"  class=\"menu-item menu-item-type-post_type menu-item-object-page menu-item-1208 awb-menu__li awb-menu__main-li awb-menu__main-li_regular\"  data-item-id=\"1208\"><span class=\"awb-menu__main-background-default awb-menu__main-background-default_fade\"><\/span><span class=\"awb-menu__main-background-active awb-menu__main-background-active_fade\"><\/span><a  href=\"https:\/\/colleen-besch.lu\/fr\/institute\/\" class=\"awb-menu__main-a awb-menu__main-a_regular\"><span class=\"menu-text\">institute<\/span><\/a><\/li><li  id=\"menu-item-1209\"  class=\"menu-item menu-item-type-post_type menu-item-object-page menu-item-1209 awb-menu__li awb-menu__main-li awb-menu__main-li_regular\"  data-item-id=\"1209\"><span class=\"awb-menu__main-background-default awb-menu__main-background-default_fade\"><\/span><span class=\"awb-menu__main-background-active awb-menu__main-background-active_fade\"><\/span><a  href=\"https:\/\/colleen-besch.lu\/fr\/team\/\" class=\"awb-menu__main-a awb-menu__main-a_regular\"><span class=\"menu-text\">team<\/span><\/a><\/li><li  id=\"menu-item-1210\"  class=\"menu-item menu-item-type-post_type menu-item-object-page menu-item-1210 awb-menu__li awb-menu__main-li awb-menu__main-li_regular\"  data-item-id=\"1210\"><span class=\"awb-menu__main-background-default awb-menu__main-background-default_fade\"><\/span><span class=\"awb-menu__main-background-active awb-menu__main-background-active_fade\"><\/span><a  href=\"https:\/\/colleen-besch.lu\/fr\/charta-of-values\/\" class=\"awb-menu__main-a awb-menu__main-a_regular\"><span class=\"menu-text\">charta of values<\/span><\/a><\/li><li  id=\"menu-item-1206\"  class=\"menu-item menu-item-type-post_type menu-item-object-page menu-item-1206 awb-menu__li awb-menu__main-li awb-menu__main-li_regular\"  data-item-id=\"1206\"><span class=\"awb-menu__main-background-default awb-menu__main-background-default_fade\"><\/span><span class=\"awb-menu__main-background-active awb-menu__main-background-active_fade\"><\/span><a  href=\"https:\/\/colleen-besch.lu\/fr\/coaching-concept\/\" class=\"awb-menu__main-a awb-menu__main-a_regular\"><span class=\"menu-text\">coaching concept<\/span><\/a><\/li><li  id=\"menu-item-1207\"  class=\"menu-item menu-item-type-post_type menu-item-object-page menu-item-1207 awb-menu__li awb-menu__main-li awb-menu__main-li_regular\"  data-item-id=\"1207\"><span class=\"awb-menu__main-background-default awb-menu__main-background-default_fade\"><\/span><span class=\"awb-menu__main-background-active awb-menu__main-background-active_fade\"><\/span><a  href=\"https:\/\/colleen-besch.lu\/fr\/training-concept\/\" class=\"awb-menu__main-a awb-menu__main-a_regular\"><span class=\"menu-text\">training concept<\/span><\/a><\/li><\/ul><\/nav><\/div><\/div><\/div><\/div><div class=\"fusion-fullwidth fullwidth-box fusion-builder-row-3 fusion-flex-container nonhundred-percent-fullwidth non-hundred-percent-height-scrolling\" style=\"--awb-background-position:center bottom;--awb-border-radius-top-left:0px;--awb-border-radius-top-right:0px;--awb-border-radius-bottom-right:0px;--awb-border-radius-bottom-left:0px;--awb-padding-top:100px;--awb-flex-wrap:wrap;\" ><div class=\"fusion-builder-row fusion-row fusion-flex-align-items-flex-start fusion-flex-content-wrap\" style=\"max-width:1456px;margin-left: calc(-4% \/ 2 );margin-right: calc(-4% \/ 2 );\"><div class=\"fusion-layout-column fusion_builder_column fusion-builder-column-2 fusion_builder_column_1_1 1_1 fusion-flex-column\" style=\"--awb-padding-left-small:26px;--awb-bg-size:cover;--awb-width-large:100%;--awb-margin-top-large:0px;--awb-spacing-right-large:1.92%;--awb-margin-bottom-large:20px;--awb-spacing-left-large:1.92%;--awb-width-medium:100%;--awb-order-medium:0;--awb-spacing-right-medium:1.92%;--awb-spacing-left-medium:1.92%;--awb-width-small:100%;--awb-order-small:0;--awb-spacing-right-small:1.92%;--awb-spacing-left-small:1.92%;\"><div class=\"fusion-column-wrapper fusion-column-has-shadow fusion-flex-justify-content-flex-start fusion-content-layout-column\"><div class=\"fusion-text fusion-text-1\" style=\"--awb-content-alignment:left;--awb-font-size:17px;--awb-letter-spacing:2px;--awb-text-color:#45152a;\"><p style=\"text-align: center;\"><em>\u00ab\u00a0La t\u00e2che de la vie est de donner un sens<br \/>\n<\/em><em>\u00e0 ce qui se trouve sous nos yeux.\u00a0\u00bb<br \/>\n<\/em><em>(Manuel Kallweit)<\/em><\/p>\n<h3>Cherchez-vous un plan de succession pour votre entreprise?<\/h3>\n<\/div><\/div><\/div><\/div><\/div><div class=\"fusion-fullwidth fullwidth-box fusion-builder-row-4 fusion-flex-container nonhundred-percent-fullwidth non-hundred-percent-height-scrolling\" style=\"--awb-background-position:right bottom;--awb-border-radius-top-left:0px;--awb-border-radius-top-right:0px;--awb-border-radius-bottom-right:0px;--awb-border-radius-bottom-left:0px;--awb-flex-wrap:wrap;\" ><div class=\"fusion-builder-row fusion-row fusion-flex-align-items-flex-start fusion-flex-content-wrap\" style=\"max-width:1456px;margin-left: calc(-4% \/ 2 );margin-right: calc(-4% \/ 2 );\"><div class=\"fusion-layout-column fusion_builder_column fusion-builder-column-3 fusion_builder_column_1_2 1_2 fusion-flex-column\" style=\"--awb-bg-size:cover;--awb-width-large:50%;--awb-margin-top-large:0px;--awb-spacing-right-large:3.84%;--awb-margin-bottom-large:20px;--awb-spacing-left-large:3.84%;--awb-width-medium:50%;--awb-order-medium:0;--awb-spacing-right-medium:3.84%;--awb-spacing-left-medium:3.84%;--awb-width-small:100%;--awb-order-small:0;--awb-spacing-right-small:1.92%;--awb-spacing-left-small:1.92%;\"><div class=\"fusion-column-wrapper fusion-column-has-shadow fusion-flex-justify-content-flex-start fusion-content-layout-column\"><div class=\"fusion-text fusion-text-2\"><p><strong>Connaissez-vous un plan de succession sans contradictions<br \/>\ndans les objectifs et d\u00e9marches ?<\/strong><\/p>\n<p>Nous accordons autant d&rsquo;importance \u00e0 la planification de la succession de l&rsquo;entreprise qu&rsquo;\u00e0 la mise en place de la transmission.<\/p>\n<p>Il s&rsquo;agit entre autres de rep\u00e9rer, d\u2019analyser, puis de r\u00e9soudre ces contradictions.<\/p>\n<p>En outre, la d\u00e9termination de la valeur de l&rsquo;entreprise et les aspects li\u00e9s \u00e0 la gestion des affaires sont au centre de nos pr\u00e9occupations.<\/p>\n<p>Cela signifie entre autres<\/p>\n<ul>\n<li>Une consultation professionnelle \u00e0 un stade pr\u00e9coce permet d&rsquo;\u00e9viter les erreurs et d&rsquo;assurer le succ\u00e8s<\/li>\n<li>Des conseils complets et holistiques pour la pr\u00e9paration du plan de succession<\/li>\n<li>La recherche d&rsquo;un successeur<\/li>\n<li>Les n\u00e9gociations de rachat<\/li>\n<li>L&rsquo;\u00e9laboration de l&rsquo;expos\u00e9 incluant l&rsquo;\u00e9valuation des questions relatives au prix d&rsquo;achat<\/li>\n<li>La prise en charge de tous les travaux relatifs au dossier (si besoin avec le soutien externe d&rsquo;avocats, d&rsquo;auditeurs, etc.)<\/li>\n<li>La Direction int\u00e9rimaire (dans des cas bien particuliers)<\/li>\n<\/ul>\n<\/div><\/div><\/div><div class=\"fusion-layout-column fusion_builder_column fusion-builder-column-4 fusion_builder_column_1_2 1_2 fusion-flex-column\" style=\"--awb-bg-size:cover;--awb-width-large:50%;--awb-margin-top-large:0px;--awb-spacing-right-large:3.84%;--awb-margin-bottom-large:20px;--awb-spacing-left-large:3.84%;--awb-width-medium:50%;--awb-order-medium:0;--awb-spacing-right-medium:3.84%;--awb-spacing-left-medium:3.84%;--awb-width-small:100%;--awb-order-small:0;--awb-spacing-right-small:1.92%;--awb-spacing-left-small:1.92%;\"><div class=\"fusion-column-wrapper fusion-column-has-shadow fusion-flex-justify-content-flex-start fusion-content-layout-column\"><div class=\"fusion-video fusion-youtube\" style=\"--awb-max-width:600px;--awb-max-height:360px;\"><div class=\"video-shortcode\"><div class=\"fluid-width-video-wrapper\" style=\"padding-top:60%;\" ><iframe class=\"fusion-hidden\" data-privacy-type=\"youtube\" src=\"\" title=\"YouTube video player 1\" data-privacy-src=\"https:\/\/www.youtube.com\/embed\/QXfk0osr6DQ?wmode=transparent&autoplay=0\" width=\"600\" height=\"360\" allowfullscreen allow=\"autoplay; clipboard-write; encrypted-media; gyroscope; picture-in-picture;\"><\/iframe><div class=\"fusion-privacy-placeholder\" style=\"width:600px; height:360px;\" data-privacy-type=\"youtube\"><div class=\"fusion-privacy-placeholder-content\"><div class=\"fusion-privacy-label\">For privacy reasons YouTube needs your permission to be loaded. For more details, please see our <a class=\"privacy-policy-link\" href=\"https:\/\/colleen-besch.lu\/datenschutzerklaerung\/\" rel=\"privacy-policy\">Datenschutzerkl\u00e4rung<\/a>.<\/div><button data-privacy-type=\"youtube\" class=\"fusion-button button-default fusion-button-default-size button fusion-privacy-consent\">I Accept<\/button><\/div><\/div><\/div><\/div><\/div><div class=\"fusion-separator fusion-full-width-sep\" style=\"align-self: center;margin-left: auto;margin-right: auto;margin-top:20px;margin-bottom:20px;width:100%;\"><div class=\"fusion-separator-border sep-double\" style=\"--awb-height:20px;--awb-amount:20px;border-color:#e2e2e2;border-top-width:1px;border-bottom-width:1px;\"><\/div><\/div><div class=\"fusion-text fusion-text-3\"><p>Pour les questions de succession d\u2019entreprise, nous travaillons en partenariat avec<\/p>\n<\/div><div class=\"fusion-image-element \" style=\"--awb-caption-title-font-family:var(--h2_typography-font-family);--awb-caption-title-font-weight:var(--h2_typography-font-weight);--awb-caption-title-font-style:var(--h2_typography-font-style);--awb-caption-title-size:var(--h2_typography-font-size);--awb-caption-title-transform:var(--h2_typography-text-transform);--awb-caption-title-line-height:var(--h2_typography-line-height);--awb-caption-title-letter-spacing:var(--h2_typography-letter-spacing);\"><span class=\" fusion-imageframe imageframe-none imageframe-1 hover-type-none\"><a class=\"fusion-no-lightbox\" href=\"https:\/\/www.input.plus\/nachfolge\/\" target=\"_blank\" aria-label=\"input_logo\" rel=\"noopener noreferrer\"><img decoding=\"async\" width=\"300\" height=\"97\" src=\"https:\/\/colleen-besch.lu\/wp-content\/uploads\/2021\/07\/input_logo.png\" data-orig-src=\"https:\/\/colleen-besch.lu\/wp-content\/uploads\/2021\/07\/input_logo-300x97.png\" alt class=\"lazyload img-responsive wp-image-1267\" srcset=\"data:image\/svg+xml,%3Csvg%20xmlns%3D%27http%3A%2F%2Fwww.w3.org%2F2000%2Fsvg%27%20width%3D%271736%27%20height%3D%27562%27%20viewBox%3D%270%200%201736%20562%27%3E%3Crect%20width%3D%271736%27%20height%3D%27562%27%20fill-opacity%3D%220%22%2F%3E%3C%2Fsvg%3E\" data-srcset=\"https:\/\/colleen-besch.lu\/wp-content\/uploads\/2021\/07\/input_logo-200x65.png 200w, https:\/\/colleen-besch.lu\/wp-content\/uploads\/2021\/07\/input_logo-400x129.png 400w, https:\/\/colleen-besch.lu\/wp-content\/uploads\/2021\/07\/input_logo-600x194.png 600w, https:\/\/colleen-besch.lu\/wp-content\/uploads\/2021\/07\/input_logo-800x259.png 800w, https:\/\/colleen-besch.lu\/wp-content\/uploads\/2021\/07\/input_logo-1200x388.png 1200w, https:\/\/colleen-besch.lu\/wp-content\/uploads\/2021\/07\/input_logo.png 1736w\" data-sizes=\"auto\" data-orig-sizes=\"(max-width: 640px) 100vw, 800px\" \/><\/a><\/span><\/div><\/div><\/div><\/div><\/div><\/p>\n","protected":false},"excerpt":{"rendered":"","protected":false},"author":2,"featured_media":0,"parent":0,"menu_order":0,"comment_status":"closed","ping_status":"closed","template":"100-width.php","meta":{"footnotes":""},"class_list":["post-1094","page","type-page","status-publish","hentry"],"_links":{"self":[{"href":"https:\/\/colleen-besch.lu\/fr\/wp-json\/wp\/v2\/pages\/1094","targetHints":{"allow":["GET"]}}],"collection":[{"href":"https:\/\/colleen-besch.lu\/fr\/wp-json\/wp\/v2\/pages"}],"about":[{"href":"https:\/\/colleen-besch.lu\/fr\/wp-json\/wp\/v2\/types\/page"}],"author":[{"embeddable":true,"href":"https:\/\/colleen-besch.lu\/fr\/wp-json\/wp\/v2\/users\/2"}],"replies":[{"embeddable":true,"href":"https:\/\/colleen-besch.lu\/fr\/wp-json\/wp\/v2\/comments?post=1094"}],"version-history":[{"count":9,"href":"https:\/\/colleen-besch.lu\/fr\/wp-json\/wp\/v2\/pages\/1094\/revisions"}],"predecessor-version":[{"id":1272,"href":"https:\/\/colleen-besch.lu\/fr\/wp-json\/wp\/v2\/pages\/1094\/revisions\/1272"}],"wp:attachment":[{"href":"https:\/\/colleen-besch.lu\/fr\/wp-json\/wp\/v2\/media?parent=1094"}],"curies":[{"name":"wp","href":"https:\/\/api.w.org\/{rel}","templated":true}]}}