{"id":1183,"date":"2021-01-23T18:37:27","date_gmt":"2021-01-23T17:37:27","guid":{"rendered":"https:\/\/colleen-besch.lu\/training-concept\/"},"modified":"2021-03-15T15:21:43","modified_gmt":"2021-03-15T14:21:43","slug":"training-concept","status":"publish","type":"page","link":"https:\/\/colleen-besch.lu\/fr\/training-concept\/","title":{"rendered":"training concept"},"content":{"rendered":"<p><div class=\"fusion-fullwidth fullwidth-box fusion-builder-row-1 fusion-flex-container fusion-parallax-none nonhundred-percent-fullwidth non-hundred-percent-height-scrolling lazyload fusion-custom-z-index\" style=\"--awb-background-position:center top;--awb-background-blend-mode:screen;--awb-border-radius-top-left:0px;--awb-border-radius-top-right:0px;--awb-border-radius-bottom-right:0px;--awb-border-radius-bottom-left:0px;--awb-z-index:0;--awb-padding-top:-50px;--awb-padding-right:0px;--awb-padding-bottom:0px;--awb-padding-left:0px;--awb-padding-top-small:80px;--awb-padding-bottom-small:80px;--awb-margin-top:0px;--awb-min-height:500px;--awb-background-size:cover;--awb-flex-wrap:wrap;--awb-filter:saturate(0%) brightness(101%);--awb-filter-transition:filter 0.3s ease;--awb-filter-hover:saturate(100%) brightness(100%);\" data-bg=\"https:\/\/colleen-besch.lu\/wp-content\/uploads\/2021\/02\/Header_team_pixabay_sanuas.jpg\" ><div class=\"fusion-builder-row fusion-row fusion-flex-align-items-center fusion-flex-align-content-center fusion-flex-justify-content-center fusion-flex-content-wrap\" style=\"max-width:1456px;margin-left: calc(-4% \/ 2 );margin-right: calc(-4% \/ 2 );\"><div class=\"fusion-layout-column fusion_builder_column fusion-builder-column-0 fusion_builder_column_1_1 1_1 fusion-flex-column fusion-flex-align-self-center\" style=\"--awb-bg-size:cover;--awb-width-large:100%;--awb-margin-top-large:0px;--awb-spacing-right-large:0%;--awb-margin-bottom-large:20px;--awb-spacing-left-large:0%;--awb-width-medium:100%;--awb-order-medium:0;--awb-spacing-right-medium:0%;--awb-spacing-left-medium:0%;--awb-width-small:100%;--awb-order-small:0;--awb-spacing-right-small:1.92%;--awb-spacing-left-small:1.92%;\"><div class=\"fusion-column-wrapper fusion-column-has-shadow fusion-flex-justify-content-center fusion-content-layout-column\"><div class=\"fusion-title title fusion-title-1 fusion-sep-none fusion-title-center fusion-title-text fusion-title-size-one\" style=\"--awb-text-color:#ffffff;--awb-margin-top:-20px;--awb-margin-bottom:20px;--awb-margin-top-small:10px;--awb-margin-right-small:0px;--awb-margin-bottom-small:10px;--awb-margin-left-small:0px;--awb-font-size:100px;\"><h1 class=\"fusion-title-heading title-heading-center\" style=\"margin:0;font-size:1em;line-height:1em;\">training concept<\/h1><\/div><\/div><\/div><\/div><\/div><div class=\"fusion-fullwidth fullwidth-box fusion-builder-row-2 fusion-flex-container nonhundred-percent-fullwidth non-hundred-percent-height-scrolling\" style=\"--link_hover_color: #ffc107;--awb-border-radius-top-left:0px;--awb-border-radius-top-right:0px;--awb-border-radius-bottom-right:0px;--awb-border-radius-bottom-left:0px;--awb-background-color:#a9d648;--awb-flex-wrap:wrap;\" ><div class=\"fusion-builder-row fusion-row fusion-flex-align-items-flex-start fusion-flex-justify-content-center fusion-flex-content-wrap\" style=\"max-width:1456px;margin-left: calc(-4% \/ 2 );margin-right: calc(-4% \/ 2 );\"><div class=\"fusion-layout-column fusion_builder_column fusion-builder-column-1 fusion_builder_column_1_1 1_1 fusion-flex-column\" style=\"--awb-bg-size:cover;--awb-width-large:100%;--awb-margin-top-large:0px;--awb-spacing-right-large:1.92%;--awb-margin-bottom-large:20px;--awb-spacing-left-large:1.92%;--awb-width-medium:100%;--awb-order-medium:0;--awb-spacing-right-medium:1.92%;--awb-spacing-left-medium:1.92%;--awb-width-small:100%;--awb-order-small:0;--awb-spacing-right-small:1.92%;--awb-spacing-left-small:1.92%;\"><div class=\"fusion-column-wrapper fusion-column-has-shadow fusion-flex-justify-content-flex-start fusion-content-layout-column\"><nav class=\"awb-menu awb-menu_row awb-menu_em-hover mobile-mode-always-expanded awb-menu_icons-left awb-menu_dc-yes mobile-trigger-fullwidth-off awb-menu_mobile-toggle awb-menu_indent-center loading mega-menu-loading awb-menu_desktop awb-menu_dropdown awb-menu_expand-right awb-menu_transition-fade\" style=\"--awb-font-size:40px;--awb-margin-top:30px;--awb-margin-bottom:0px;--awb-text-transform:none;--awb-min-height:30px;--awb-gap:50px;--awb-align-items:center;--awb-justify-content:center;--awb-items-padding-bottom:5px;--awb-active-color:#ffeb3b;--awb-submenu-text-transform:none;--awb-icons-size:17;--awb-icons-hover-color:#ffeb3b;--awb-main-justify-content:flex-start;--awb-mobile-justify:center;--awb-mobile-caret-left:auto;--awb-mobile-caret-right:0;--awb-fusion-font-family-typography:&quot;Cookie&quot;;--awb-fusion-font-style-typography:normal;--awb-fusion-font-weight-typography:400;--awb-fusion-font-family-submenu-typography:inherit;--awb-fusion-font-style-submenu-typography:normal;--awb-fusion-font-weight-submenu-typography:400;--awb-fusion-font-family-mobile-typography:inherit;--awb-fusion-font-style-mobile-typography:normal;--awb-fusion-font-weight-mobile-typography:400;\" aria-label=\"Colleen second menu FR\" data-breakpoint=\"1024\" data-count=\"0\" data-transition-type=\"fade\" data-transition-time=\"300\" data-expand=\"right\"><button type=\"button\" class=\"awb-menu__m-toggle awb-menu__m-toggle_no-text\" aria-expanded=\"false\" aria-controls=\"menu-colleen-second-menu-fr\"><span class=\"awb-menu__m-toggle-inner\"><span class=\"collapsed-nav-text\"><span class=\"screen-reader-text\">Toggle Navigation<\/span><\/span><span class=\"awb-menu__m-collapse-icon awb-menu__m-collapse-icon_no-text\"><span class=\"awb-menu__m-collapse-icon-open awb-menu__m-collapse-icon-open_no-text fa-bars fas\"><\/span><span class=\"awb-menu__m-collapse-icon-close awb-menu__m-collapse-icon-close_no-text fa-times fas\"><\/span><\/span><\/span><\/button><ul id=\"menu-colleen-second-menu-fr\" class=\"fusion-menu awb-menu__main-ul awb-menu__main-ul_row\"><li  id=\"menu-item-1208\"  class=\"menu-item menu-item-type-post_type menu-item-object-page menu-item-1208 awb-menu__li awb-menu__main-li awb-menu__main-li_regular\"  data-item-id=\"1208\"><span class=\"awb-menu__main-background-default awb-menu__main-background-default_fade\"><\/span><span class=\"awb-menu__main-background-active awb-menu__main-background-active_fade\"><\/span><a  href=\"https:\/\/colleen-besch.lu\/fr\/institute\/\" class=\"awb-menu__main-a awb-menu__main-a_regular\"><span class=\"menu-text\">institute<\/span><\/a><\/li><li  id=\"menu-item-1209\"  class=\"menu-item menu-item-type-post_type menu-item-object-page menu-item-1209 awb-menu__li awb-menu__main-li awb-menu__main-li_regular\"  data-item-id=\"1209\"><span class=\"awb-menu__main-background-default awb-menu__main-background-default_fade\"><\/span><span class=\"awb-menu__main-background-active awb-menu__main-background-active_fade\"><\/span><a  href=\"https:\/\/colleen-besch.lu\/fr\/team\/\" class=\"awb-menu__main-a awb-menu__main-a_regular\"><span class=\"menu-text\">team<\/span><\/a><\/li><li  id=\"menu-item-1210\"  class=\"menu-item menu-item-type-post_type menu-item-object-page menu-item-1210 awb-menu__li awb-menu__main-li awb-menu__main-li_regular\"  data-item-id=\"1210\"><span class=\"awb-menu__main-background-default awb-menu__main-background-default_fade\"><\/span><span class=\"awb-menu__main-background-active awb-menu__main-background-active_fade\"><\/span><a  href=\"https:\/\/colleen-besch.lu\/fr\/charta-of-values\/\" class=\"awb-menu__main-a awb-menu__main-a_regular\"><span class=\"menu-text\">charta of values<\/span><\/a><\/li><li  id=\"menu-item-1206\"  class=\"menu-item menu-item-type-post_type menu-item-object-page menu-item-1206 awb-menu__li awb-menu__main-li awb-menu__main-li_regular\"  data-item-id=\"1206\"><span class=\"awb-menu__main-background-default awb-menu__main-background-default_fade\"><\/span><span class=\"awb-menu__main-background-active awb-menu__main-background-active_fade\"><\/span><a  href=\"https:\/\/colleen-besch.lu\/fr\/coaching-concept\/\" class=\"awb-menu__main-a awb-menu__main-a_regular\"><span class=\"menu-text\">coaching concept<\/span><\/a><\/li><li  id=\"menu-item-1207\"  class=\"menu-item menu-item-type-post_type menu-item-object-page menu-item-1207 awb-menu__li awb-menu__main-li awb-menu__main-li_regular\"  data-item-id=\"1207\"><span class=\"awb-menu__main-background-default awb-menu__main-background-default_fade\"><\/span><span class=\"awb-menu__main-background-active awb-menu__main-background-active_fade\"><\/span><a  href=\"https:\/\/colleen-besch.lu\/fr\/training-concept\/\" class=\"awb-menu__main-a awb-menu__main-a_regular\"><span class=\"menu-text\">training concept<\/span><\/a><\/li><\/ul><\/nav><\/div><\/div><\/div><\/div><div class=\"fusion-fullwidth fullwidth-box fusion-builder-row-3 fusion-flex-container fusion-parallax-none nonhundred-percent-fullwidth non-hundred-percent-height-scrolling lazyload\" style=\"--awb-background-position:center bottom;--awb-border-radius-top-left:0px;--awb-border-radius-top-right:0px;--awb-border-radius-bottom-right:0px;--awb-border-radius-bottom-left:0px;--awb-padding-top:100px;--awb-background-size:cover;--awb-flex-wrap:wrap;\" data-bg=\"https:\/\/colleen-besch.lu\/wp-content\/uploads\/2021\/01\/Background_Soft.jpg\" ><div class=\"fusion-builder-row fusion-row fusion-flex-align-items-flex-start fusion-flex-content-wrap\" style=\"max-width:1456px;margin-left: calc(-4% \/ 2 );margin-right: calc(-4% \/ 2 );\"><div class=\"fusion-layout-column fusion_builder_column fusion-builder-column-2 fusion_builder_column_1_1 1_1 fusion-flex-column\" style=\"--awb-padding-left-small:26px;--awb-bg-size:cover;--awb-width-large:100%;--awb-margin-top-large:0px;--awb-spacing-right-large:1.92%;--awb-margin-bottom-large:20px;--awb-spacing-left-large:1.92%;--awb-width-medium:100%;--awb-order-medium:0;--awb-spacing-right-medium:1.92%;--awb-spacing-left-medium:1.92%;--awb-width-small:100%;--awb-order-small:0;--awb-spacing-right-small:1.92%;--awb-spacing-left-small:1.92%;\"><div class=\"fusion-column-wrapper fusion-column-has-shadow fusion-flex-justify-content-flex-start fusion-content-layout-column\"><div class=\"fusion-text fusion-text-1\" style=\"--awb-content-alignment:left;--awb-font-size:17px;--awb-letter-spacing:2px;--awb-text-color:#45152a;\"><p style=\"text-align: center;\"><i>\u201eSi vous pensez que la formation continue co\u00fbte cher,<br \/>\nessayez l&rsquo;incomp\u00e9tence.\u201c<br \/>\n(Winston Churchill)<\/i><\/p>\n<\/div><div class=\"fusion-text fusion-text-2 sm-text-align-left\"><p class=\"bodytext\">Les entreprises ont souvent tendance \u00e0 se fier aux comp\u00e9tences existantes de leur capital humain; les comp\u00e9tences des employ\u00e9s constituent pourtant un facteur cl\u00e9 pour leur comp\u00e9titivit\u00e9.<\/p>\n<p class=\"bodytext\">Plus particuli\u00e8rement en temps de crise ou de r\u00e9ductions budg\u00e9taires, le budget de la formation est r\u00e9duit aux comp\u00e9tences techniques de base ; la qualification et l&#8217;employabilit\u00e9 \u00e0 long terme des collaborateurs passent trop souvent \u00e0 l&rsquo;arri\u00e8re-plan.<\/p>\n<p class=\"bodytext\">La formation cibl\u00e9e dans le cadre de la strat\u00e9gie et de la r\u00e9alisation des objectifs de l&rsquo;entreprise offre une valeur ajout\u00e9e pour le d\u00e9veloppement de l&rsquo;entreprise et de ses employ\u00e9s.<\/p>\n<p class=\"bodytext\">De nos jours, une formation bien pens\u00e9e permet de favoriser le d\u00e9veloppement des comp\u00e9tences des collaborateurs pour une meilleure efficacit\u00e9 et employabilit\u00e9 \u00e0 long-terme.<\/p>\n<p class=\"bodytext\">Les attentes des employ\u00e9s en termes de formation sont en outre plus \u00e9lev\u00e9es qu&rsquo;il y a encore quelques ann\u00e9es ; des \u00e9tudes ont montr\u00e9 que ces attentes demeurent prioritaires \u00e0 chaque niveau de carri\u00e8re. R\u00e9pondre \u00e0 ces attentes permet de favoriser un haut niveau de motivation et de fid\u00e9liser les collaborateurs \u00e0 l\u2019entreprise.<\/p>\n<p class=\"bodytext\">Pour rester comp\u00e9titive, l&rsquo;entreprise doit faire face aux changements dans tous les domaines et s&rsquo;adapter au rythme de l&rsquo;innovation et de la concurrence.<\/p>\n<p class=\"bodytext\">La formation permet de maintenir la durabilit\u00e9, la comp\u00e9titivit\u00e9 et la performance dans un environnement en pleine \u00e9volution.<\/p>\n<p class=\"bodytext\">Les mesures de formation cibl\u00e9e doivent par cons\u00e9quent \u00eatre int\u00e9gr\u00e9es au quotidien de l&rsquo;entreprise.<\/p>\n<p class=\"bodytext\">Si vous consid\u00e9rez \u00e9galement que vos collaborateurs sont un capital pr\u00e9cieux que vous ne souhaitez pas perdre, il est important de promouvoir de fa\u00e7on cibl\u00e9e la formation au sein de votre entreprise.<\/p>\n<p class=\"bodytext\">Voici quelques conseils:<\/p>\n<ul>\n<li>Int\u00e9grez la formation continue dans vos valeurs et orientations<\/li>\n<li>D\u00e9veloppez une approche structur\u00e9e permettant d&rsquo;\u00e9valuer le retour sur investissement dans votre entreprise<\/li>\n<li>\u00c9laborez des plans de formation individuels et collectifs et calculez un budget en cons\u00e9quence<\/li>\n<li>Informez vos employ\u00e9s concernant le budget pr\u00e9vu et l&rsquo;orientation de la formation<\/li>\n<li>Formez les employ\u00e9s et les cadres dans des domaines pr\u00e9d\u00e9finis essentiels pour votre entreprise, ce au-del\u00e0 de la comp\u00e9tence sp\u00e9cialis\u00e9e n\u00e9cessaire.<\/li>\n<li>Faites des \u00e9conomies et tirez parti de la loi luxembourgeoise sur la subvention de la formation continue.<\/li>\n<\/ul>\n<p class=\"bodytext\"><span class=\"important\">\u201eRaising your competence\u201c<\/span>\u00a0est une de nos valeurs cl\u00e9s. Il est pour nous essentiel que toutes les formations propos\u00e9es apportent un avantage mesurable \u00e0 nos clients. Nos formations prennent en compte la pratique et le contexte des participant, ce afin d\u2019accro\u00eetre la capacit\u00e9 de m\u00e9morisation et la motivation, de garantir la rapidit\u00e9 de la mise en \u0153uvre mais aussi d&rsquo;obtenir un retour sur investissement optimal (ce m\u00eame avec un budget r\u00e9duit).<\/p>\n<div class=\"csc-textpic csc-textpic-center csc-textpic-below\">\n<div class=\"csc-textpic-text\">\n<p class=\"bodytext\"><b>D\u00e9roulement et \u00e9tapes:<\/b><\/p>\n<p><img decoding=\"async\" class=\"lazyload alignnone size-full wp-image-1186\" src=\"https:\/\/colleen-besch.lu\/wp-content\/uploads\/2021\/03\/training_concept_f.png\" data-orig-src=\"https:\/\/colleen-besch.lu\/wp-content\/uploads\/2021\/03\/training_concept_f.png\" alt=\"\" width=\"708\" height=\"131\" srcset=\"data:image\/svg+xml,%3Csvg%20xmlns%3D%27http%3A%2F%2Fwww.w3.org%2F2000%2Fsvg%27%20width%3D%27708%27%20height%3D%27131%27%20viewBox%3D%270%200%20708%20131%27%3E%3Crect%20width%3D%27708%27%20height%3D%27131%27%20fill-opacity%3D%220%22%2F%3E%3C%2Fsvg%3E\" data-srcset=\"https:\/\/colleen-besch.lu\/wp-content\/uploads\/2021\/03\/training_concept_f-200x37.png 200w, https:\/\/colleen-besch.lu\/wp-content\/uploads\/2021\/03\/training_concept_f-300x56.png 300w, https:\/\/colleen-besch.lu\/wp-content\/uploads\/2021\/03\/training_concept_f-400x74.png 400w, https:\/\/colleen-besch.lu\/wp-content\/uploads\/2021\/03\/training_concept_f-600x111.png 600w, https:\/\/colleen-besch.lu\/wp-content\/uploads\/2021\/03\/training_concept_f-700x131.png 700w, https:\/\/colleen-besch.lu\/wp-content\/uploads\/2021\/03\/training_concept_f.png 708w\" data-sizes=\"auto\" data-orig-sizes=\"(max-width: 708px) 100vw, 708px\" \/><\/p>\n<\/div>\n<\/div>\n<div class=\"csc-header csc-header-n1\">\n<h4 class=\"csc-firstHeader\">Diagnostic<\/h4>\n<\/div>\n<ul>\n<li>un diagnostic cibl\u00e9, exhaustif et professionnel, avec la participation des responsables et du groupe cible<\/li>\n<\/ul>\n<div class=\"csc-header csc-header-n2\">\n<h1><\/h1>\n<h4>Offre<\/h4>\n<\/div>\n<ul>\n<li>une offre concr\u00e8te et professionnelle sous forme de concept<\/li>\n<\/ul>\n<div class=\"csc-header csc-header-n3\">\n<h1><\/h1>\n<h4>Concept<\/h4>\n<\/div>\n<ul>\n<li>un concept didactique de qualit\u00e9 bas\u00e9 sur le diagnostic<\/li>\n<\/ul>\n<div class=\"csc-header csc-header-n4\">\n<h1><\/h1>\n<h4>Intervention<\/h4>\n<\/div>\n<ul>\n<li>une intervention et mise en pratique adapt\u00e9es au public cible par notre \u00e9quipe d&rsquo;experts dans la langue de votre choix<\/li>\n<\/ul>\n<div class=\"csc-header csc-header-n5\">\n<h1><\/h1>\n<h4>\u00c9valuation<\/h4>\n<\/div>\n<ul>\n<li>une \u00e9valuation bas\u00e9e sur les crit\u00e8res d&rsquo;atteinte des objectifs, de r\u00e9ussite et de qualit\u00e9 d\u00e9finis en commun\u00a0sur la base d&rsquo;une m\u00e9thode \u00e9labor\u00e9e par nos soins et d&rsquo;une approche structur\u00e9e<\/li>\n<\/ul>\n<p class=\"bodytext\">Nous serons heureux de vous pr\u00e9senter notre m\u00e9thode au cours d&rsquo;un entretien personnel!<\/p>\n<\/div><div class=\"fusion-separator fusion-full-width-sep\" style=\"align-self: center;margin-left: auto;margin-right: auto;width:100%;\"><div class=\"fusion-separator-border sep-double\" style=\"--awb-height:20px;--awb-amount:20px;border-color:#e2e2e2;border-top-width:1px;border-bottom-width:1px;\"><\/div><\/div><\/div><\/div><\/div><\/div><\/p>\n","protected":false},"excerpt":{"rendered":"","protected":false},"author":2,"featured_media":0,"parent":0,"menu_order":0,"comment_status":"closed","ping_status":"closed","template":"100-width.php","meta":{"footnotes":""},"class_list":["post-1183","page","type-page","status-publish","hentry"],"_links":{"self":[{"href":"https:\/\/colleen-besch.lu\/fr\/wp-json\/wp\/v2\/pages\/1183","targetHints":{"allow":["GET"]}}],"collection":[{"href":"https:\/\/colleen-besch.lu\/fr\/wp-json\/wp\/v2\/pages"}],"about":[{"href":"https:\/\/colleen-besch.lu\/fr\/wp-json\/wp\/v2\/types\/page"}],"author":[{"embeddable":true,"href":"https:\/\/colleen-besch.lu\/fr\/wp-json\/wp\/v2\/users\/2"}],"replies":[{"embeddable":true,"href":"https:\/\/colleen-besch.lu\/fr\/wp-json\/wp\/v2\/comments?post=1183"}],"version-history":[{"count":2,"href":"https:\/\/colleen-besch.lu\/fr\/wp-json\/wp\/v2\/pages\/1183\/revisions"}],"predecessor-version":[{"id":1188,"href":"https:\/\/colleen-besch.lu\/fr\/wp-json\/wp\/v2\/pages\/1183\/revisions\/1188"}],"wp:attachment":[{"href":"https:\/\/colleen-besch.lu\/fr\/wp-json\/wp\/v2\/media?parent=1183"}],"curies":[{"name":"wp","href":"https:\/\/api.w.org\/{rel}","templated":true}]}}